{"id":166,"date":"2024-04-01T12:17:33","date_gmt":"2024-04-01T12:17:33","guid":{"rendered":"https:\/\/loja.norteweb.com.br\/?post_type=product&#038;p=166"},"modified":"2024-04-09T15:21:22","modified_gmt":"2024-04-09T15:21:22","slug":"gabinete-gamer-dt3-hyper-view-lateral-e-frontal-de-vidro-preto","status":"publish","type":"product","link":"https:\/\/loja.norteweb.com.br\/pt\/product\/gabinete-gamer-dt3-hyper-view-lateral-e-frontal-de-vidro-preto\/","title":{"rendered":"GABINETE GAMER DT3 HYPER VIEW, LATERAL E FRONTAL DE VIDRO, PRETO"},"content":{"rendered":"<table class=\"table table-specification alignleft\" style=\"margin-left: 400px; height: 603px;\" width=\"1224\" cellspacing=\"0\">\n<tbody>\n<tr>\n<th class=\"name-field Marca\" scope=\"row\">Marca:<\/th>\n<td class=\"value-field Marca\">DT3<\/td>\n<\/tr>\n<tr>\n<th class=\"name-field Modelo\" scope=\"row\">Modelo:<\/th>\n<td class=\"value-field Modelo\">13950-8<\/td>\n<\/tr>\n<tr>\n<th class=\"name-field Cor\" scope=\"row\">Cor:<\/th>\n<td class=\"value-field Cor\">Preto<\/td>\n<\/tr>\n<tr>\n<th class=\"name-field Material-chassis\" scope=\"row\">Material chassis (Estrutural):<\/th>\n<td class=\"value-field Material-chassis\">A\u00e7o 0.6mm<\/td>\n<\/tr>\n<tr>\n<th class=\"name-field Material-frontal\" scope=\"row\">Material frontal:<\/th>\n<td class=\"value-field Material-frontal\">Vidro temperado 4mm<\/td>\n<\/tr>\n<tr>\n<th class=\"name-field Materiais\" scope=\"row\">Materiais laterais:<\/th>\n<td class=\"value-field Materiais\">Vidro Temperado 4mm<\/td>\n<\/tr>\n<tr>\n<th class=\"name-field Fonte\" scope=\"row\">Fonte de alimenta\u00e7\u00e3o:<\/th>\n<td class=\"value-field Fonte\">ATX<\/td>\n<\/tr>\n<tr>\n<th class=\"name-field Compatibilidade\" scope=\"row\">Compatibilidade placa m\u00e3e:<\/th>\n<td class=\"value-field Compatibilidade\">M-ATX\/ITX<\/td>\n<\/tr>\n<tr>\n<th class=\"name-field Baias\" scope=\"row\">Baias:<\/th>\n<td class=\"value-field Baias\">1 x 3.5&#8243;<br \/>\n2 x 2.5&#8243;<\/td>\n<\/tr>\n<tr>\n<th class=\"name-field Entradas\" scope=\"row\">Entradas:<\/th>\n<td class=\"value-field Entradas\">2 x USB 2.0<br \/>\n1 x USB 3.0<\/td>\n<\/tr>\n<tr>\n<th class=\"name-field Ventoinhas-sup\" scope=\"row\">Ventoinhas suportadas:<\/th>\n<td class=\"value-field Ventoinhas-sup\">Lateral: 2 x 120 mm<br \/>\nTraseira: 1 x 120 mm<br \/>\nSuperior: 2 x 120 mm<br \/>\nInferior: 2 x 120 mm<\/td>\n<\/tr>\n<tr>\n<th class=\"name-field Water-sup\" scope=\"row\">Water cooler suportado:<\/th>\n<td class=\"value-field Water-sup\">Lateral: 240 mm<br \/>\nTraseira: 120 mm<br \/>\nSuperior: 240 mm<\/td>\n<\/tr>\n<tr>\n<th class=\"name-field Comprimento\" scope=\"row\">Comprimento m\u00e1ximo VGA:<\/th>\n<td class=\"value-field Comprimento\">340 mm<\/td>\n<\/tr>\n<tr>\n<th class=\"name-field Altura\" scope=\"row\">Altura m\u00e1xima cooler processador:<\/th>\n<td class=\"value-field Altura\">160 mm<\/td>\n<\/tr>\n<tr>\n<th class=\"name-field Filtros\" scope=\"row\">Filtros:<\/th>\n<td class=\"value-field FiltrosFiltros\">Superior (magn\u00e9tico), inferior<\/td>\n<\/tr>\n<tr>\n<th class=\"name-field Dimensoes\" scope=\"row\">Dimens\u00f5es (A x L x P):<\/th>\n<td class=\"value-field Dimensoes\">360 x 275 x 350 mm<\/td>\n<\/tr>\n<\/tbody>\n<\/table>","protected":false},"excerpt":{"rendered":"<p>Marca: DT3 Modelo: 13950-8 Cor: Preto Material chassis (Estrutural): A\u00e7o 0.6mm Material frontal: Vidro temperado 4mm Materiais laterais: Vidro Temperado 4mm Fonte de alimenta\u00e7\u00e3o: ATX Compatibilidade placa m\u00e3e: M-ATX\/ITX Baias: 1 x 3.5&#8243; 2 x 2.5&#8243; Entradas: 2 x USB 2.0 1 x USB 3.0 Ventoinhas suportadas: Lateral: 2 x 120 mm Traseira: 1 x [&hellip;]<\/p>","protected":false},"featured_media":172,"comment_status":"open","ping_status":"closed","template":"","meta":{"_monsterinsights_skip_tracking":false,"_monsterinsights_sitenote_active":false,"_monsterinsights_sitenote_note":"","_monsterinsights_sitenote_category":0},"product_brand":[],"product_cat":[392],"product_tag":[],"class_list":{"0":"post-166","1":"product","2":"type-product","3":"status-publish","4":"has-post-thumbnail","6":"product_cat-gabinete","7":"ts_product_brand-dt3","9":"first","10":"instock","11":"purchasable","12":"product-type-simple","13":"add-to-wishlist-after_add_to_cart"},"aioseo_notices":[],"_links":{"self":[{"href":"https:\/\/loja.norteweb.com.br\/pt\/wp-json\/wp\/v2\/product\/166","targetHints":{"allow":["GET"]}}],"collection":[{"href":"https:\/\/loja.norteweb.com.br\/pt\/wp-json\/wp\/v2\/product"}],"about":[{"href":"https:\/\/loja.norteweb.com.br\/pt\/wp-json\/wp\/v2\/types\/product"}],"replies":[{"embeddable":true,"href":"https:\/\/loja.norteweb.com.br\/pt\/wp-json\/wp\/v2\/comments?post=166"}],"version-history":[{"count":0,"href":"https:\/\/loja.norteweb.com.br\/pt\/wp-json\/wp\/v2\/product\/166\/revisions"}],"wp:featuredmedia":[{"embeddable":true,"href":"https:\/\/loja.norteweb.com.br\/pt\/wp-json\/wp\/v2\/media\/172"}],"wp:attachment":[{"href":"https:\/\/loja.norteweb.com.br\/pt\/wp-json\/wp\/v2\/media?parent=166"}],"wp:term":[{"taxonomy":"product_brand","embeddable":true,"href":"https:\/\/loja.norteweb.com.br\/pt\/wp-json\/wp\/v2\/product_brand?post=166"},{"taxonomy":"product_cat","embeddable":true,"href":"https:\/\/loja.norteweb.com.br\/pt\/wp-json\/wp\/v2\/product_cat?post=166"},{"taxonomy":"product_tag","embeddable":true,"href":"https:\/\/loja.norteweb.com.br\/pt\/wp-json\/wp\/v2\/product_tag?post=166"}],"curies":[{"name":"wp","href":"https:\/\/api.w.org\/{rel}","templated":true}]}}