{"id":6228,"date":"2024-05-07T15:19:02","date_gmt":"2024-05-07T15:19:02","guid":{"rendered":"https:\/\/loja.norteweb.com.br\/?post_type=product&#038;p=6228"},"modified":"2024-06-01T00:29:51","modified_gmt":"2024-06-01T00:29:51","slug":"6228","status":"publish","type":"product","link":"https:\/\/loja.norteweb.com.br\/pt\/product\/6228\/","title":{"rendered":"Fone de ouvido Sim fio JL-950BT &#8211; Everest Wireless (vermelha)"},"content":{"rendered":"<p>Fone de ouvido Sim fio 950BT<br \/>\nO fone Everest 950 Ideal para voc\u00ea em todas as ocasi\u00f5es, no trabalho, no transporte , nos estudos, no lazer ou simplesmente para curtir suas musicas favoritas , com uma excelente ac\u00fastica e um som Super Bass. Em diferentes cores \u00e9 elegante e confort\u00e1vel , pois tem o encaixe auricular almofadado n\u00e3o incomoda ao usar.<\/p>\n<p>Todos nossos Produtos s\u00e3o testados antes do envio, garantindo assim que voc\u00ea cliente receba e tenha a certeza das funcionalidades do seu aparelho.<\/p>\n<p>&nbsp;<\/p>\n<table id=\"productDetails_techSpec_section_1\" class=\"a-keyvalue prodDetTable\" style=\"height: 795px;\" role=\"presentation\" width=\"663\">\n<tbody>\n<tr>\n<th class=\"a-color-secondary a-size-base prodDetSectionEntry\"><label class=\"cyMNDG TyBD7s\">Tipo de Conex\u00e3o<\/label><\/th>\n<td class=\"a-size-base prodDetAttrValue\">Sem fio<\/td>\n<\/tr>\n<tr>\n<th class=\"a-color-secondary a-size-base prodDetSectionEntry\">Tipo de Fone de Ouvido<\/th>\n<td class=\"a-size-base prodDetAttrValue\">Over Ear<\/td>\n<\/tr>\n<tr>\n<th class=\"a-color-secondary a-size-base prodDetSectionEntry\">Especializado em Jogos<\/th>\n<td class=\"a-size-base prodDetAttrValue\">\u200eSim<\/td>\n<\/tr>\n<tr>\n<th class=\"a-color-secondary a-size-base prodDetSectionEntry\">Compatibilidade do \u00c1udio<\/th>\n<td class=\"a-size-base prodDetAttrValue\">\n<div>C\u00e2mera, Celular, Motor, Outros, Computador e Notebook<\/div>\n<\/td>\n<\/tr>\n<tr>\n<th class=\"a-color-secondary a-size-base prodDetSectionEntry\">Alcance de Frequ\u00eancia M\u00e1xima (Hz)<\/th>\n<td class=\"a-size-base prodDetAttrValue\">\n<div class=\"Tq1nbH\">\n<div>20000Hz<\/div>\n<\/div>\n<\/td>\n<\/tr>\n<tr>\n<th class=\"a-color-secondary a-size-base prodDetSectionEntry\">Alcance de Frequ\u00eancia M\u00ednima (Hz)<\/th>\n<td class=\"a-size-base prodDetAttrValue\">\u200e45Hz<\/td>\n<\/tr>\n<tr>\n<th class=\"a-color-secondary a-size-base prodDetSectionEntry\">Classifica\u00e7\u00e3o de Sensibilidade<\/th>\n<td class=\"a-size-base prodDetAttrValue\">88dB<\/td>\n<\/tr>\n<tr>\n<th class=\"a-color-secondary a-size-base prodDetSectionEntry\">Especializado em Esportes<\/th>\n<td class=\"a-size-base prodDetAttrValue\">Sim<\/td>\n<\/tr>\n<tr>\n<th class=\"a-color-secondary a-size-base prodDetSectionEntry\">Fones de ouvido, Headphones e Acess\u00f3rios de Headsets<\/th>\n<td class=\"a-size-base prodDetAttrValue\">Cancelamento de Ru\u00eddo, Isolamento de Ru\u00eddo, Resistente a Suor, Controle de Volume<\/td>\n<\/tr>\n<tr>\n<th class=\"a-color-secondary a-size-base prodDetSectionEntry\">Tipo de Conex\u00e3o do Headphone<\/th>\n<td class=\"a-size-base prodDetAttrValue\">Bluetooth<\/td>\n<\/tr>\n<tr>\n<th class=\"a-color-secondary a-size-base prodDetSectionEntry\"><label class=\"cyMNDG TyBD7s\">Quantidade<\/label><\/th>\n<td class=\"a-size-base prodDetAttrValue\">1<\/td>\n<\/tr>\n<tr>\n<th class=\"a-color-secondary a-size-base prodDetSectionEntry\"><label class=\"cyMNDG TyBD7s\">Nome do Modelo<\/label><\/th>\n<td class=\"a-size-base prodDetAttrValue\">JB950<\/td>\n<\/tr>\n<\/tbody>\n<\/table>\n<p>&nbsp;<\/p>\n<p>OUTRAS CARACTER\u00cdSTICAS:<\/p>\n<table id=\"productDetails_techSpec_section_1\" class=\"a-keyvalue prodDetTable\" role=\"presentation\">\n<tbody>\n<tr>\n<th class=\"a-color-secondary a-size-base prodDetSectionEntry\">Formato do fone<\/th>\n<td class=\"a-size-base prodDetAttrValue\">\u200eOver-ear<\/td>\n<\/tr>\n<tr>\n<th class=\"a-color-secondary a-size-base prodDetSectionEntry\">Entradas<\/th>\n<td class=\"a-size-base prodDetAttrValue\">\u200eUSB,McroSD,P2<\/td>\n<\/tr>\n<tr>\n<th class=\"a-color-secondary a-size-base prodDetSectionEntry\">Controle de volume<\/th>\n<td class=\"a-size-base prodDetAttrValue\">\u200eSim<\/td>\n<\/tr>\n<tr>\n<th class=\"a-color-secondary a-size-base prodDetSectionEntry\">Chamada<\/th>\n<td class=\"a-size-base prodDetAttrValue\">\u200eSim<\/td>\n<\/tr>\n<tr>\n<th class=\"a-color-secondary a-size-base prodDetSectionEntry\">Com Bluetooth<\/th>\n<td class=\"a-size-base prodDetAttrValue\">Sim<\/td>\n<\/tr>\n<tr>\n<th class=\"a-color-secondary a-size-base prodDetSectionEntry\">Com microfone<\/th>\n<td class=\"a-size-base prodDetAttrValue\">Sim<\/td>\n<\/tr>\n<tr>\n<th class=\"a-color-secondary a-size-base prodDetSectionEntry\">FM<\/th>\n<td class=\"a-size-base prodDetAttrValue\">N\u00e3o<\/td>\n<\/tr>\n<tr>\n<th class=\"a-color-secondary a-size-base prodDetSectionEntry\">Imped\u00e2ncia<\/th>\n<td class=\"a-size-base prodDetAttrValue\">32<\/td>\n<\/tr>\n<tr>\n<th class=\"a-color-secondary a-size-base prodDetSectionEntry\">Resposta em frequ\u00eancia<\/th>\n<td class=\"a-size-base prodDetAttrValue\">\u200e\u200e20hHz &#8211; 22 kHz<\/td>\n<\/tr>\n<tr>\n<th class=\"a-color-secondary a-size-base prodDetSectionEntry\">Sensibilidade<\/th>\n<td class=\"a-size-base prodDetAttrValue\">114dB<\/td>\n<\/tr>\n<\/tbody>\n<\/table>\n<p>&nbsp;<\/p>\n<p>Itens do produto:<\/p>\n<table id=\"productDetails_techSpec_section_1\" class=\"a-keyvalue prodDetTable\" role=\"presentation\">\n<tbody>\n<tr>\n<th class=\"a-color-secondary a-size-base prodDetSectionEntry\">1-Fone<\/th>\n<td class=\"a-size-base prodDetAttrValue\">BT950<\/td>\n<\/tr>\n<tr>\n<th class=\"a-color-secondary a-size-base prodDetSectionEntry\">1-Cabo<\/th>\n<td class=\"a-size-base prodDetAttrValue\">\u200eUSB<\/td>\n<\/tr>\n<\/tbody>\n<\/table>","protected":false},"excerpt":{"rendered":"<p>Fone de ouvido Sim fio 950BT O fone Everest 950 Ideal para voc\u00ea em todas as ocasi\u00f5es, no trabalho, no transporte , nos estudos, no lazer ou simplesmente para curtir suas musicas favoritas , com uma excelente ac\u00fastica e um som Super Bass. Em diferentes cores \u00e9 elegante e confort\u00e1vel , pois tem o encaixe [&hellip;]<\/p>","protected":false},"featured_media":6235,"comment_status":"open","ping_status":"closed","template":"elementor_theme","meta":{"_monsterinsights_skip_tracking":false,"_monsterinsights_sitenote_active":false,"_monsterinsights_sitenote_note":"","_monsterinsights_sitenote_category":0},"product_brand":[],"product_cat":[451,385],"product_tag":[456,455,457],"class_list":{"0":"post-6228","1":"product","2":"type-product","3":"status-publish","4":"has-post-thumbnail","6":"product_cat-fone-de-ouvido","7":"product_cat-perifericos","8":"product_tag-fone","9":"product_tag-fone-de-ouvido","10":"product_tag-headset","11":"ts_product_brand-everest-jbl","13":"first","14":"instock","15":"shipping-taxable","16":"purchasable","17":"product-type-simple","18":"add-to-wishlist-after_add_to_cart"},"aioseo_notices":[],"_links":{"self":[{"href":"https:\/\/loja.norteweb.com.br\/pt\/wp-json\/wp\/v2\/product\/6228","targetHints":{"allow":["GET"]}}],"collection":[{"href":"https:\/\/loja.norteweb.com.br\/pt\/wp-json\/wp\/v2\/product"}],"about":[{"href":"https:\/\/loja.norteweb.com.br\/pt\/wp-json\/wp\/v2\/types\/product"}],"replies":[{"embeddable":true,"href":"https:\/\/loja.norteweb.com.br\/pt\/wp-json\/wp\/v2\/comments?post=6228"}],"version-history":[{"count":16,"href":"https:\/\/loja.norteweb.com.br\/pt\/wp-json\/wp\/v2\/product\/6228\/revisions"}],"predecessor-version":[{"id":6252,"href":"https:\/\/loja.norteweb.com.br\/pt\/wp-json\/wp\/v2\/product\/6228\/revisions\/6252"}],"wp:featuredmedia":[{"embeddable":true,"href":"https:\/\/loja.norteweb.com.br\/pt\/wp-json\/wp\/v2\/media\/6235"}],"wp:attachment":[{"href":"https:\/\/loja.norteweb.com.br\/pt\/wp-json\/wp\/v2\/media?parent=6228"}],"wp:term":[{"taxonomy":"product_brand","embeddable":true,"href":"https:\/\/loja.norteweb.com.br\/pt\/wp-json\/wp\/v2\/product_brand?post=6228"},{"taxonomy":"product_cat","embeddable":true,"href":"https:\/\/loja.norteweb.com.br\/pt\/wp-json\/wp\/v2\/product_cat?post=6228"},{"taxonomy":"product_tag","embeddable":true,"href":"https:\/\/loja.norteweb.com.br\/pt\/wp-json\/wp\/v2\/product_tag?post=6228"}],"curies":[{"name":"wp","href":"https:\/\/api.w.org\/{rel}","templated":true}]}}