{"id":6262,"date":"2024-05-08T13:57:28","date_gmt":"2024-05-08T13:57:28","guid":{"rendered":"https:\/\/loja.norteweb.com.br\/?post_type=product&#038;p=6262"},"modified":"2024-06-01T00:29:51","modified_gmt":"2024-06-01T00:29:51","slug":"headset-gamer-sem-fio-redragon-zeus-pro-7-1-driver-53mm-bluetooth-preto-h510-pro","status":"publish","type":"product","link":"https:\/\/loja.norteweb.com.br\/pt\/product\/headset-gamer-sem-fio-redragon-zeus-pro-7-1-driver-53mm-bluetooth-preto-h510-pro\/","title":{"rendered":"Headset Gamer Sem Fio Redragon Zeus Pro, 7.1, Driver 53mm, Bluetooth, Preto &#8211; H510-PRO"},"content":{"rendered":"<p style=\"text-align: left;\">Caracter\u00edsticas:<\/p>\n<p style=\"text-align: left;\">-Design ergon\u00f4mico, minimalista para encaixe em todos os setups<\/p>\n<p style=\"text-align: left;\">-Headset com conex\u00f5es 2.4G\/BT\/ USB<\/p>\n<p style=\"text-align: left;\">-Almofadas macias fornecendo conforto at\u00e9 mesmo durante longos per\u00edodos de uso.<\/p>\n<p>&nbsp;<\/p>\n<p>Espec\u00edfica\u00e7\u00f5es:<\/p>\n<p>&nbsp;<\/p>\n<table id=\"productDetails_techSpec_section_1\" class=\"a-keyvalue prodDetTable\" role=\"presentation\">\n<tbody>\n<tr>\n<th class=\"a-color-secondary a-size-base prodDetSectionEntry\">Cor<\/th>\n<td class=\"a-size-base prodDetAttrValue\">Preto<\/td>\n<\/tr>\n<tr>\n<th class=\"a-color-secondary a-size-base prodDetSectionEntry\">Di\u00e2metro do driver<\/th>\n<td class=\"a-size-base prodDetAttrValue\">53 mm\u200e<\/td>\n<\/tr>\n<tr>\n<th class=\"a-color-secondary a-size-base prodDetSectionEntry\">Material das Earpads:<\/th>\n<td class=\"a-size-base prodDetAttrValue\">tecido<\/td>\n<\/tr>\n<tr>\n<th class=\"a-color-secondary a-size-base prodDetSectionEntry\">Sensibilidade<\/th>\n<td class=\"a-size-base prodDetAttrValue\">111 \u00b1 3dB<\/td>\n<\/tr>\n<tr>\n<th class=\"a-color-secondary a-size-base prodDetSectionEntry\">Frequ\u00eancia de resposta<\/th>\n<td class=\"a-size-base prodDetAttrValue\">20Hz ~ 20KHz<\/td>\n<\/tr>\n<tr>\n<th class=\"a-color-secondary a-size-base prodDetSectionEntry\">Imped\u00e2ncia do \u00e1udio<\/th>\n<td class=\"a-size-base prodDetAttrValue\">17 \u00b1 15 Ohm<\/td>\n<\/tr>\n<tr>\n<th class=\"a-color-secondary a-size-base prodDetSectionEntry\">Imped\u00e2ncia do microfone<\/th>\n<td class=\"a-size-base prodDetAttrValue\">&lt; 2.2 Ohm<\/td>\n<\/tr>\n<tr>\n<th class=\"a-color-secondary a-size-base prodDetSectionEntry\">Sensibilidade do microfone<\/th>\n<td class=\"a-size-base prodDetAttrValue\">-42 \u00b1 3dB (0dB = 1V\/PA)<\/td>\n<\/tr>\n<tr>\n<th class=\"a-color-secondary a-size-base prodDetSectionEntry\">Frequ\u00eancia do microfone<\/th>\n<td class=\"a-size-base prodDetAttrValue\">100Hz ~ 10Hz<\/td>\n<\/tr>\n<tr>\n<th class=\"a-color-secondary a-size-base prodDetSectionEntry\">Polar Pattern do microfone<\/th>\n<td class=\"a-size-base prodDetAttrValue\">Omnidirecional<\/td>\n<\/tr>\n<tr>\n<th class=\"a-color-secondary a-size-base prodDetSectionEntry\">Conex\u00e3o<\/th>\n<td class=\"a-size-base prodDetAttrValue\">2.4\/BT\/USB<\/td>\n<\/tr>\n<tr>\n<th class=\"a-color-secondary a-size-base prodDetSectionEntry\">Compatibilidade com OS<\/th>\n<td class=\"a-size-base prodDetAttrValue\">Windows XP\/Vista\/7\/8\/10\/11<\/td>\n<\/tr>\n<tr>\n<th class=\"a-color-secondary a-size-base prodDetSectionEntry\">tempo de carregamento<\/th>\n<td class=\"a-size-base prodDetAttrValue\">3h aproximadamente<\/td>\n<\/tr>\n<tr>\n<th class=\"a-color-secondary a-size-base prodDetSectionEntry\">Capacidade da bateria<\/th>\n<td class=\"a-size-base prodDetAttrValue\">750mA\/h 3.7v<\/td>\n<\/tr>\n<tr>\n<th class=\"a-color-secondary a-size-base prodDetSectionEntry\">Dura\u00e7\u00e3o da bateria<\/th>\n<td class=\"a-size-base prodDetAttrValue\">aproximadamente 18h<\/td>\n<\/tr>\n<tr>\n<th class=\"a-color-secondary a-size-base prodDetSectionEntry\">Alcance<\/th>\n<td class=\"a-size-base prodDetAttrValue\">Aproximadamente 10m<\/td>\n<\/tr>\n<tr>\n<th class=\"a-color-secondary a-size-base prodDetSectionEntry\">Peso bruto(g)<\/th>\n<td class=\"a-size-base prodDetAttrValue\">865<\/td>\n<\/tr>\n<tr>\n<th class=\"a-color-secondary a-size-base prodDetSectionEntry\">Peso Liquido(g)<\/th>\n<td class=\"a-size-base prodDetAttrValue\">732<\/td>\n<\/tr>\n<tr>\n<th class=\"a-color-secondary a-size-base prodDetSectionEntry\">Dimens\u00f5es da embalagem<\/th>\n<td class=\"a-size-base prodDetAttrValue\">235mm(L) x 210mm(A) x 100mm(P)<\/td>\n<\/tr>\n<\/tbody>\n<\/table>","protected":false},"excerpt":{"rendered":"<p>Caracter\u00edsticas: -Design ergon\u00f4mico, minimalista para encaixe em todos os setups -Headset com conex\u00f5es 2.4G\/BT\/ USB -Almofadas macias fornecendo conforto at\u00e9 mesmo durante longos per\u00edodos de uso. &nbsp; Espec\u00edfica\u00e7\u00f5es: &nbsp; Cor Preto Di\u00e2metro do driver 53 mm\u200e Material das Earpads: tecido Sensibilidade 111 \u00b1 3dB Frequ\u00eancia de resposta 20Hz ~ 20KHz Imped\u00e2ncia do \u00e1udio 17 \u00b1 [&hellip;]<\/p>","protected":false},"featured_media":6263,"comment_status":"open","ping_status":"closed","template":"","meta":{"_monsterinsights_skip_tracking":false,"_monsterinsights_sitenote_active":false,"_monsterinsights_sitenote_note":"","_monsterinsights_sitenote_category":0},"product_brand":[],"product_cat":[451,385],"product_tag":[456,455,389,457],"class_list":{"0":"post-6262","1":"product","2":"type-product","3":"status-publish","4":"has-post-thumbnail","6":"product_cat-fone-de-ouvido","7":"product_cat-perifericos","8":"product_tag-fone","9":"product_tag-fone-de-ouvido","10":"product_tag-gamer","11":"product_tag-headset","12":"ts_product_brand-redragon","14":"first","15":"instock","16":"shipping-taxable","17":"purchasable","18":"product-type-simple","19":"add-to-wishlist-after_add_to_cart"},"aioseo_notices":[],"_links":{"self":[{"href":"https:\/\/loja.norteweb.com.br\/pt\/wp-json\/wp\/v2\/product\/6262","targetHints":{"allow":["GET"]}}],"collection":[{"href":"https:\/\/loja.norteweb.com.br\/pt\/wp-json\/wp\/v2\/product"}],"about":[{"href":"https:\/\/loja.norteweb.com.br\/pt\/wp-json\/wp\/v2\/types\/product"}],"replies":[{"embeddable":true,"href":"https:\/\/loja.norteweb.com.br\/pt\/wp-json\/wp\/v2\/comments?post=6262"}],"version-history":[{"count":1,"href":"https:\/\/loja.norteweb.com.br\/pt\/wp-json\/wp\/v2\/product\/6262\/revisions"}],"predecessor-version":[{"id":6272,"href":"https:\/\/loja.norteweb.com.br\/pt\/wp-json\/wp\/v2\/product\/6262\/revisions\/6272"}],"wp:featuredmedia":[{"embeddable":true,"href":"https:\/\/loja.norteweb.com.br\/pt\/wp-json\/wp\/v2\/media\/6263"}],"wp:attachment":[{"href":"https:\/\/loja.norteweb.com.br\/pt\/wp-json\/wp\/v2\/media?parent=6262"}],"wp:term":[{"taxonomy":"product_brand","embeddable":true,"href":"https:\/\/loja.norteweb.com.br\/pt\/wp-json\/wp\/v2\/product_brand?post=6262"},{"taxonomy":"product_cat","embeddable":true,"href":"https:\/\/loja.norteweb.com.br\/pt\/wp-json\/wp\/v2\/product_cat?post=6262"},{"taxonomy":"product_tag","embeddable":true,"href":"https:\/\/loja.norteweb.com.br\/pt\/wp-json\/wp\/v2\/product_tag?post=6262"}],"curies":[{"name":"wp","href":"https:\/\/api.w.org\/{rel}","templated":true}]}}