{"id":6273,"date":"2024-05-08T16:07:01","date_gmt":"2024-05-08T16:07:01","guid":{"rendered":"https:\/\/loja.norteweb.com.br\/?post_type=product&#038;p=6273"},"modified":"2024-06-01T00:29:51","modified_gmt":"2024-06-01T00:29:51","slug":"fone-de-ouvido-bluetooth-unilateral-5-0-tune-e6s","status":"publish","type":"product","link":"https:\/\/loja.norteweb.com.br\/pt\/product\/fone-de-ouvido-bluetooth-unilateral-5-0-tune-e6s\/","title":{"rendered":"Fone De Ouvido Bluetooth Unilateral 5.0 Tune E6s"},"content":{"rendered":"<p style=\"text-align: center;\">O fone de ouvido \u00e9 compat\u00edvel com todos os telefones inteligentes, tablets, reprodutores de m\u00fasica e outros dispositivos Bluetooth.<br \/>\nMicrofone embutido de alta defini\u00e7\u00e3o e sensibilidade.<br \/>\nReduza o ru\u00eddo e o vento para obter uma qualidade de chamada clara e clara.<br \/>\nO design ergon\u00f4mico \u00e9 otimizado para o melhor conforto de uso.<br \/>\nRedu\u00e7\u00e3o de ru\u00eddo, fones de ouvido est\u00e9reo intra-auriculares \u00e0 prova de suor.<br \/>\nF\u00e1cil de emparelhar, controlar volume, iniciar\/parar m\u00fasica, atender chamadas e se mover entre m\u00fasicas.<br \/>\nO \u00e2ngulo pode ser ajustado por flip de 180 graus para fazer o fone de ouvido se encaixar na orelha direita ou esquerda, proporcionando grande comodidade para os usu\u00e1rios.<\/p>\n<p>&nbsp;<\/p>\n<p>Fun\u00e7\u00f5es:<\/p>\n<table id=\"productDetails_techSpec_section_1\" class=\"a-keyvalue prodDetTable\" role=\"presentation\">\n<tbody>\n<tr>\n<th class=\"a-color-secondary a-size-base prodDetSectionEntry\">Relat\u00f3rio ID de Caller<\/th>\n<td class=\"a-size-base prodDetAttrValue\">\u200eFale com o n\u00famero de telefone do chamador de recebimento, pause m\u00fasica para chamadas recebidas<\/td>\n<\/tr>\n<tr>\n<th class=\"a-color-secondary a-size-base prodDetSectionEntry\">Reconhecimento de Voz<\/th>\n<td class=\"a-size-base prodDetAttrValue\">Gerenciar chamadas livres sem pressionar bot\u00f5es atrav\u00e9s da tecnologia de reconhecimento de voz, basta dizer &#8220;sim&#8221; para responder ou dizer &#8220;n\u00e3o&#8221; para cair a chamada\u200e<\/td>\n<\/tr>\n<tr>\n<th class=\"a-color-secondary a-size-base prodDetSectionEntry\">Tecnologia de prote\u00e7\u00e3o suor:<\/th>\n<td class=\"a-size-base prodDetAttrValue\">protege este fone de ouvido bluetooth do suor e derrame de caf\u00e9 para que voc\u00ea possa usar o fone de ouvido no escrit\u00f3rio ou na academia.<\/td>\n<\/tr>\n<tr>\n<th class=\"a-color-secondary a-size-base prodDetSectionEntry\">Designer<\/th>\n<td class=\"a-size-base prodDetAttrValue\">180\u00ba Ajust\u00e1vel da orelha permite ajustar o \u00e2ngulo para a orelha direita ou esquerda.<\/td>\n<\/tr>\n<tr>\n<th class=\"a-color-secondary a-size-base full-width\">Voc\u00ea tamb\u00e9m pode mover o microfone boom para cima e para baixo, o que facilita muito, f\u00e1cil para pessoas contar se estiver em uma chamada ou n\u00e3o<\/th>\n<\/tr>\n<tr>\n<td class=\"a-size-base prodDetAttrValue\">\u200e<strong>A capacidade de bateria aumentada proporciona ao longo tempo de uso (quando totalmente carregada), exibe o contador da bateria em seu smartphone, lembrando voc\u00ea de carregamento r\u00e1pido na pr\u00f3xima vez:<\/strong><\/td>\n<\/tr>\n<\/tbody>\n<\/table>\n<p>&nbsp;<\/p>\n<table id=\"productDetails_techSpec_section_1\" class=\"a-keyvalue prodDetTable\" role=\"presentation\">\n<tbody>\n<tr>\n<th class=\"a-color-secondary a-size-base prodDetSectionEntry\">Cor<\/th>\n<td class=\"a-size-base prodDetAttrValue\">Preto<\/td>\n<\/tr>\n<tr>\n<th class=\"a-color-secondary a-size-base prodDetSectionEntry\">Tipo de Conex\u00e3o<\/th>\n<td class=\"a-size-base prodDetAttrValue\">Sem fio<\/td>\n<\/tr>\n<tr>\n<th class=\"a-color-secondary a-size-base prodDetSectionEntry\">Tipo de Fone de Ouvido<\/th>\n<td class=\"a-size-base prodDetAttrValue\">Headphone e Headset intra Auricular<\/td>\n<\/tr>\n<tr>\n<th class=\"a-color-secondary a-size-base prodDetSectionEntry\">Especializado em Jogos<\/th>\n<td class=\"a-size-base prodDetAttrValue\">N\u00e3o<\/td>\n<\/tr>\n<tr>\n<th class=\"a-color-secondary a-size-base prodDetSectionEntry\">Tecnologia Canceladora de Ru\u00eddo<\/th>\n<td class=\"a-size-base prodDetAttrValue\">\u00a0Tecnologia Triple Microfone suprime fundo e ru\u00eddo do vento na multid\u00e3o.<\/td>\n<\/tr>\n<tr>\n<th class=\"a-color-secondary a-size-base prodDetSectionEntry\">Tempo de espera (bateria)<\/th>\n<td class=\"a-size-base prodDetAttrValue\">11 dias<\/td>\n<\/tr>\n<tr>\n<th class=\"a-color-secondary a-size-base prodDetSectionEntry\">Tempo de conversa (bateria)<\/th>\n<td class=\"a-size-base prodDetAttrValue\">8 horas\u200e<\/td>\n<\/tr>\n<tr>\n<th class=\"a-color-secondary a-size-base prodDetSectionEntry\">Tempo de reprodu\u00e7\u00e3o de M\u00fasica<\/th>\n<td class=\"a-size-base prodDetAttrValue\">6-8 horas\u200e<\/td>\n<\/tr>\n<tr>\n<th class=\"a-color-secondary a-size-base prodDetSectionEntry\">Tempo de carregamento<\/th>\n<td class=\"a-size-base prodDetAttrValue\">&lt; 2 horas\u200e<\/td>\n<\/tr>\n<\/tbody>\n<\/table>","protected":false},"excerpt":{"rendered":"<p>O fone de ouvido \u00e9 compat\u00edvel com todos os telefones inteligentes, tablets, reprodutores de m\u00fasica e outros dispositivos Bluetooth. Microfone embutido de alta defini\u00e7\u00e3o e sensibilidade. Reduza o ru\u00eddo e o vento para obter uma qualidade de chamada clara e clara. O design ergon\u00f4mico \u00e9 otimizado para o melhor conforto de uso. Redu\u00e7\u00e3o de ru\u00eddo, [&hellip;]<\/p>","protected":false},"featured_media":6278,"comment_status":"open","ping_status":"closed","template":"","meta":{"_monsterinsights_skip_tracking":false,"_monsterinsights_sitenote_active":false,"_monsterinsights_sitenote_note":"","_monsterinsights_sitenote_category":0},"product_brand":[],"product_cat":[451,385,16],"product_tag":[456,455,471],"class_list":{"0":"post-6273","1":"product","2":"type-product","3":"status-publish","4":"has-post-thumbnail","6":"product_cat-fone-de-ouvido","7":"product_cat-perifericos","8":"product_cat-loja-online","9":"product_tag-fone","10":"product_tag-fone-de-ouvido","11":"product_tag-unilateral","12":"ts_product_brand-jbl","14":"first","15":"instock","16":"shipping-taxable","17":"purchasable","18":"product-type-simple","19":"add-to-wishlist-after_add_to_cart"},"aioseo_notices":[],"_links":{"self":[{"href":"https:\/\/loja.norteweb.com.br\/pt\/wp-json\/wp\/v2\/product\/6273","targetHints":{"allow":["GET"]}}],"collection":[{"href":"https:\/\/loja.norteweb.com.br\/pt\/wp-json\/wp\/v2\/product"}],"about":[{"href":"https:\/\/loja.norteweb.com.br\/pt\/wp-json\/wp\/v2\/types\/product"}],"replies":[{"embeddable":true,"href":"https:\/\/loja.norteweb.com.br\/pt\/wp-json\/wp\/v2\/comments?post=6273"}],"version-history":[{"count":2,"href":"https:\/\/loja.norteweb.com.br\/pt\/wp-json\/wp\/v2\/product\/6273\/revisions"}],"predecessor-version":[{"id":6280,"href":"https:\/\/loja.norteweb.com.br\/pt\/wp-json\/wp\/v2\/product\/6273\/revisions\/6280"}],"wp:featuredmedia":[{"embeddable":true,"href":"https:\/\/loja.norteweb.com.br\/pt\/wp-json\/wp\/v2\/media\/6278"}],"wp:attachment":[{"href":"https:\/\/loja.norteweb.com.br\/pt\/wp-json\/wp\/v2\/media?parent=6273"}],"wp:term":[{"taxonomy":"product_brand","embeddable":true,"href":"https:\/\/loja.norteweb.com.br\/pt\/wp-json\/wp\/v2\/product_brand?post=6273"},{"taxonomy":"product_cat","embeddable":true,"href":"https:\/\/loja.norteweb.com.br\/pt\/wp-json\/wp\/v2\/product_cat?post=6273"},{"taxonomy":"product_tag","embeddable":true,"href":"https:\/\/loja.norteweb.com.br\/pt\/wp-json\/wp\/v2\/product_tag?post=6273"}],"curies":[{"name":"wp","href":"https:\/\/api.w.org\/{rel}","templated":true}]}}